{"id":5395,"date":"2020-03-11T11:08:58","date_gmt":"2020-03-11T08:08:58","guid":{"rendered":"http:\/\/10.6.0.65\/wordpress\/?page_id=5395"},"modified":"2020-03-11T11:08:58","modified_gmt":"2020-03-11T08:08:58","slug":"5072-sayili-yasa","status":"publish","type":"page","link":"https:\/\/demok.org\/index.php\/5072-sayili-yasa\/","title":{"rendered":"5072 Say\u0131l\u0131 Yasa"},"content":{"rendered":"\n<p> <strong>DERNEK VE VAKIFLARIN KAMU KURUM VE KURULU\u015eLARI \u0130LE \u0130L\u0130\u015eK\u0130LER\u0130NE DA\u0130R KANUN<\/strong><br>Kanun Numaras\u0131\u00a0\u00a0\u00a0\u00a0\u00a0\u00a0\u00a0\u00a0\u00a0\u00a0\u00a0\u00a0\u00a0 : 5072\u00a0\u00a0<br>Kabul Tarihi\u00a0\u00a0\u00a0\u00a0\u00a0\u00a0\u00a0\u00a0\u00a0\u00a0\u00a0\u00a0\u00a0\u00a0\u00a0\u00a0\u00a0\u00a0\u00a0\u00a0 : 22\/1\/2004<br>Yay\u0131mland\u0131\u011f\u0131 R.Gazete Tarih ve Say\u0131s\u0131\u00a0 : 29\/1\/2004 \/ 25361<br>\u00a0\u00a0\u00a0\u00a0\u00a0\u00a0\u00a0\u00a0\u00a0\u00a0\u00a0\u00a0\u00a0\u00a0\u00a0\u00a0<br>Ama\u00e7 ve kapsam\u00a0\u00a0\u00a0\u00a0\u00a0\u00a0\u00a0\u00a0\u00a0\u00a0\u00a0\u00a0\u00a0\u00a0\u00a0\u00a0\u00a0\u00a0<br>Madde 1-<br>\u00a0\u00a0\u00a0\u00a0\u00a0\u00a0\u00a0\u00a0\u00a0\u00a0\u00a0\u00a0\u00a0\u00a0\u00a0\u00a0\u00a0\u00a0\u00a0 Bu Kanun; kamu kurum ve kurulu\u015flar\u0131n\u0131, kamu hizmetlerini veya personelini desteklemek \u00fczere kurulan dernekler ve T\u00fcrk Meden\u00ee Kanununa g\u00f6re kurulan vak\u0131flar ile bunlar\u0131n kamu kurum ve kurulu\u015flar\u0131 ile ili\u015fkilerini d\u00fczenler ve kapsar.<br>\u00a0\u00a0\u00a0\u00a0\u00a0\u00a0\u00a0\u00a0\u00a0\u00a0\u00a0\u00a0\u00a0\u00a0\u00a0\u00a0\u00a0\u00a0\u00a0\u00a0 Kanunla kurulan dernek ve vak\u0131flar, bu Kanun kapsam\u0131 d\u0131\u015f\u0131ndad\u0131r. Ancak, bu vak\u0131flar\u0131n hangi esas ve usullere g\u00f6re faaliyette bulunacaklar\u0131 Vak\u0131flar Genel M\u00fcd\u00fcrl\u00fc\u011f\u00fc taraf\u0131ndan \u00e7\u0131kar\u0131lacak bir y\u00f6netmelikle d\u00fczenlenir.<br>Temel ilkeler<br>Madde 2- a) Dernek ve vak\u0131flar, kamu kurum ve kurulu\u015flar\u0131n\u0131n ismini alamaz, bu kurum ve kurulu\u015flar\u0131n hizmet binalar\u0131 ve m\u00fc\u015ftemilat\u0131 i\u00e7inde faaliyet g\u00f6steremez ve bu kurulu\u015flara ait ara\u00e7 ve gereci kullanamaz.<br>\u00a0\u00a0\u00a0\u00a0\u00a0\u00a0\u00a0\u00a0\u00a0\u00a0\u00a0\u00a0\u00a0\u00a0\u00a0\u00a0\u00a0\u00a0 b) Dernek ve vak\u0131flar kamu kurum ve kurulu\u015flar\u0131n\u0131n sunduklar\u0131 hizmetlerle ilgili olarak ger\u00e7ek ve t\u00fczel ki\u015filerden \u00fccret, ba\u011f\u0131\u015f, katk\u0131 pay\u0131 ve benzeri adlar alt\u0131nda herhangi bir kar\u015f\u0131l\u0131k alamaz.<br>\u00a0\u00a0\u00a0\u00a0\u00a0\u00a0\u00a0\u00a0\u00a0\u00a0\u00a0\u00a0\u00a0\u00a0\u00a0\u00a0\u00a0\u00a0 c) Kamu hizmetlerinde kullan\u0131lan ara\u00e7, gere\u00e7, evrak, form ve benzeri malzemenin, bu Kanun kapsam\u0131ndaki dernek ve vak\u0131flardan temin edilmesi istenemez.<br>\u00a0\u00a0\u00a0\u00a0\u00a0\u00a0\u00a0\u00a0\u00a0\u00a0\u00a0\u00a0\u00a0\u00a0\u00a0\u00a0\u00a0\u00a0 d) Kamu g\u00f6revlileri g\u00f6rev unvanlar\u0131n\u0131 kullanarak dernek ve vak\u0131f organlar\u0131nda g\u00f6rev alamaz.<br>\u00a0\u00a0\u00a0\u00a0\u00a0\u00a0\u00a0\u00a0\u00a0\u00a0\u00a0\u00a0\u00a0\u00a0\u00a0\u00a0\u00a0\u00a0 e) Dernek ve vak\u0131f organlar\u0131nda g\u00f6rev alan kamu g\u00f6revlileri, bu g\u00f6revleri nedeniyle \u00fccret, huzur hakk\u0131 veya ba\u015fka bir ad alt\u0131nda herhangi bir kar\u015f\u0131l\u0131k alamaz.\u00a0<br>\u00a0\u00a0\u00a0\u00a0\u00a0\u00a0\u00a0\u00a0\u00a0\u00a0\u00a0\u00a0\u00a0\u00a0\u00a0\u00a0\u00a0\u00a0 f) Dernek ve vak\u0131flar\u0131n yard\u0131m toplama ve ba\u011f\u0131\u015f kabul hizmetlerinde kamu g\u00f6revlileri \u00e7al\u0131\u015ft\u0131r\u0131lamaz.<br>\u00a0\u00a0\u00a0\u00a0\u00a0\u00a0\u00a0\u00a0\u00a0\u00a0\u00a0\u00a0\u00a0\u00a0\u00a0\u00a0\u00a0\u00a0 g) Kamu kurum ve kurulu\u015flar\u0131n\u0131n b\u00fct\u00e7elerinden bu Kanun kapsam\u0131ndaki dernek ve vak\u0131flara \u00f6denek, yard\u0131m veya herhangi bir kaynak aktar\u0131lamaz.<br>\u00a0\u00a0\u00a0\u00a0\u00a0\u00a0\u00a0\u00a0\u00a0\u00a0\u00a0\u00a0\u00a0\u00a0\u00a0\u00a0\u00a0 h) Kamu kurum ve kurulu\u015flar\u0131, personel maa\u015f ve \u00fccretlerinden, kayna\u011f\u0131nda kesinti yaparak bu Kanun kapsam\u0131ndaki dernek ve vak\u0131flara aktarma yapamaz.<br>\u00a0\u00a0\u00a0\u00a0\u00a0\u00a0\u00a0\u00a0\u00a0\u00a0\u00a0\u00a0\u00a0\u00a0\u00a0\u00a0\u00a0\u00a0 \u0131) \u0130haleyi yapan kurum ve kurulu\u015f b\u00fcnyesinde bulunan veya bu kurum ve kurulu\u015flarla ilgili her ne ama\u00e7la kurulmu\u015f olursa olsun vak\u0131f ve dernekler ile bunlar\u0131n sermayesinin yar\u0131s\u0131ndan fazlas\u0131na sahip olduklar\u0131 \u015firketler, bu kurum ve kurulu\u015flar\u0131n 2886 say\u0131l\u0131 Devlet \u0130hale Kanununa g\u00f6re yapacaklar\u0131 ihalelere kat\u0131lamazlar.<br>\u00a0\u00a0\u00a0\u00a0\u00a0\u00a0\u00a0\u00a0\u00a0<br>Cezalar<br>Madde 3- 2 nci maddede belirtilen ilkelere ayk\u0131r\u0131 hareket eden kamu g\u00f6revlileri ile dernek ve vak\u0131f y\u00f6neticileri, eylemleri ba\u015fka bir su\u00e7 olu\u015fturmad\u0131\u011f\u0131 takdirde, \u00fc\u00e7 aydan bir y\u0131la kadar hapis cezas\u0131 ile cezaland\u0131r\u0131l\u0131r. Ayr\u0131ca dernek ve vak\u0131f y\u00f6neticileri hakk\u0131nda g\u00f6revden alma i\u015flemi uygulan\u0131r.<br>\u00a0\u00a0\u00a0\u00a0\u00a0\u00a0\u00a0\u00a0\u00a0\u00a0\u00a0\u00a0 Hizmetin verilebilmesi i\u00e7in dernek veya vakfa ba\u011f\u0131\u015f yap\u0131lmas\u0131 ya da kullan\u0131lacak malzemenin dernek veya vak\u0131ftan temin edilmesinin zorunlu k\u0131l\u0131nmas\u0131 nedeniyle, kamu hizmeti engellenmi\u015f veya geciktirilmi\u015f ise ceza yar\u0131 nispetinde art\u0131r\u0131larak tatbik edilir.<br>\u00a0\u00a0\u00a0\u00a0\u00a0\u00a0\u00a0\u00a0\u00a0\u00a0 Dernek t\u00fcz\u00fc\u011f\u00fc veya vak\u0131f senedi bu Kanuna ayk\u0131r\u0131 olan veya bu Kanuna ayk\u0131r\u0131 i\u015flemleri tespit edilen dernek ve vak\u0131flar, genel h\u00fck\u00fcmlere g\u00f6re kapat\u0131l\u0131r. Kapat\u0131lan dernek mallar\u0131 Hazineye, vak\u0131f mallar\u0131 ise Vak\u0131flar Genel M\u00fcd\u00fcrl\u00fc\u011f\u00fcne intikal eder. Bu dernek ve vak\u0131flar\u0131n y\u00f6neticileri hakk\u0131nda birinci f\u0131kra h\u00fck\u00fcmleri uygulan\u0131r.<br>Ek Madde 1- (Ek: 25\/6\/2009-5917\/35 md.)<br>\u00a0\u00a0\u00a0\u00a0\u00a0\u00a0\u00a0\u00a0\u00a0\u00a0\u00a0 T\u00fcrkiye Cumhuriyeti ile Uluslararas\u0131 \u0130mar ve Kalk\u0131nma Bankas\u0131 aras\u0131nda 5\/4\/1991 tarihinde imzalanan ve Bakanlar Kurulunun 14\/6\/1991 tarihli ve 91\/1939 say\u0131l\u0131 Karar\u0131 ile onaylanan milletleraras\u0131 andla\u015fma uyar\u0131nca kurulmu\u015f olan T\u00fcrkiye Teknoloji Geli\u015ftirme Vakf\u0131, kuruldu\u011fu tarih itibariyle kanunla kurulmu\u015f vak\u0131f niteli\u011fini haizdir.<br>Ge\u00e7ici Madde 1- Bu Kanunun y\u00fcr\u00fcrl\u00fc\u011fe girdi\u011fi tarihten \u00f6nce kurulan dernek ve vak\u0131flar, 31.12.2005 tarihine kadar, dernek t\u00fcz\u00fcklerini veya vak\u0131f senetlerini bu Kanun h\u00fck\u00fcmlerine uygun hale getirir.(1)<br>\u00a0\u00a0\u00a0\u00a0\u00a0\u00a0\u00a0\u00a0\u00a0\u00a0\u00a0 Dernek t\u00fcz\u00fc\u011f\u00fcn\u00fc veya vak\u0131f senedini alt\u0131 ay i\u00e7inde bu Kanuna uygun hale getirmeyen veya bu Kanuna ayk\u0131r\u0131 i\u015flemleri tespit edilen dernek ve vak\u0131flar, genel h\u00fck\u00fcmlere g\u00f6re kapat\u0131l\u0131r. Kapat\u0131lan dernek mallar\u0131 Hazineye, vak\u0131f mallar\u0131 ise Vak\u0131flar Genel M\u00fcd\u00fcrl\u00fc\u011f\u00fcne intikal eder. Ayr\u0131ca, dernek t\u00fcz\u00fc\u011f\u00fcn\u00fc veya vak\u0131f senedini bu s\u00fcre i\u00e7inde bu Kanuna uygun hale getirmeyen y\u00f6neticiler hakk\u0131nda 3 \u00fcnc\u00fc maddenin birinci f\u0131kras\u0131 h\u00fck\u00fcmleri uygulan\u0131r.\u00a0<br>Ge\u00e7ici Madde 2- (Ek: 17\/9\/2004-5234\/ 24 md.)\u00a0<br>\u00a0\u00a0\u00a0\u00a0\u00a0\u00a0\u00a0\u00a0\u00a0 Bu Kanunun y\u00fcr\u00fcrl\u00fc\u011fe girdi\u011fi tarihten \u00f6nce kurulan dernek ve vak\u0131flar\u0131n kamu kurum ve kurulu\u015flar\u0131 ile ilgili alm\u0131\u015f olduklar\u0131 isimler ile t\u00fcz\u00fck ve senetlerindeki kamu g\u00f6revlilerinin unvanlar\u0131n\u0131 kullanma haklar\u0131 sakl\u0131d\u0131r.<br>Y\u00fcr\u00fcrl\u00fck<br>Madde 4- Bu Kanun yay\u0131m\u0131 tarihinde y\u00fcr\u00fcrl\u00fc\u011fe girer.<br>Y\u00fcr\u00fctme\u00a0<br>Madde 5- Bu Kanun h\u00fck\u00fcmlerini Bakanlar Kurulu y\u00fcr\u00fct\u00fcr.\u00a0\u00a0 <\/p>\n","protected":false},"excerpt":{"rendered":"<p>DERNEK VE VAKIFLARIN KAMU KURUM VE KURULU\u015eLARI \u0130LE \u0130L\u0130\u015eK\u0130LER\u0130NE DA\u0130R KANUNKanun Numaras\u0131\u00a0\u00a0\u00a0\u00a0\u00a0\u00a0\u00a0\u00a0\u00a0\u00a0\u00a0\u00a0\u00a0 : 5072\u00a0\u00a0Kabul Tarihi\u00a0\u00a0\u00a0\u00a0\u00a0\u00a0\u00a0\u00a0\u00a0\u00a0\u00a0\u00a0\u00a0\u00a0\u00a0\u00a0\u00a0\u00a0\u00a0\u00a0 : 22\/1\/2004Yay\u0131mland\u0131\u011f\u0131 R.Gazete Tarih ve<\/p>\n","protected":false},"author":1,"featured_media":0,"parent":0,"menu_order":0,"comment_status":"closed","ping_status":"closed","template":"","meta":{"_eb_attr":"","ngg_post_thumbnail":0,"footnotes":""},"class_list":["post-5395","page","type-page","status-publish","hentry"],"magazineBlocksPostFeaturedMedia":{"thumbnail":false,"medium":false,"medium_large":false,"large":false,"1536x1536":false,"2048x2048":false,"colormag-highlighted-post":false,"colormag-featured-post-medium":false,"colormag-featured-post-small":false,"colormag-featured-image":false,"colormag-default-news":false,"colormag-featured-image-large":false},"magazineBlocksPostAuthor":{"name":"demok","avatar":"https:\/\/secure.gravatar.com\/avatar\/9f5c36aa8f440a3b593bef073cd3c8619a928af11a5dceba8432cca86a80dd3a?s=96&d=mm&r=g"},"magazineBlocksPostCommentsNumber":false,"magazineBlocksPostExcerpt":"DERNEK VE VAKIFLARIN KAMU KURUM VE KURULU\u015eLARI \u0130LE \u0130L\u0130\u015eK\u0130LER\u0130NE DA\u0130R KANUNKanun Numaras\u0131\u00a0\u00a0\u00a0\u00a0\u00a0\u00a0\u00a0\u00a0\u00a0\u00a0\u00a0\u00a0\u00a0 : 5072\u00a0\u00a0Kabul Tarihi\u00a0\u00a0\u00a0\u00a0\u00a0\u00a0\u00a0\u00a0\u00a0\u00a0\u00a0\u00a0\u00a0\u00a0\u00a0\u00a0\u00a0\u00a0\u00a0\u00a0 : 22\/1\/2004Yay\u0131mland\u0131\u011f\u0131 R.Gazete Tarih ve","magazineBlocksPostCategories":[],"magazineBlocksPostViewCount":0,"magazineBlocksPostReadTime":5,"_links":{"self":[{"href":"https:\/\/demok.org\/index.php\/wp-json\/wp\/v2\/pages\/5395","targetHints":{"allow":["GET"]}}],"collection":[{"href":"https:\/\/demok.org\/index.php\/wp-json\/wp\/v2\/pages"}],"about":[{"href":"https:\/\/demok.org\/index.php\/wp-json\/wp\/v2\/types\/page"}],"author":[{"embeddable":true,"href":"https:\/\/demok.org\/index.php\/wp-json\/wp\/v2\/users\/1"}],"replies":[{"embeddable":true,"href":"https:\/\/demok.org\/index.php\/wp-json\/wp\/v2\/comments?post=5395"}],"version-history":[{"count":0,"href":"https:\/\/demok.org\/index.php\/wp-json\/wp\/v2\/pages\/5395\/revisions"}],"wp:attachment":[{"href":"https:\/\/demok.org\/index.php\/wp-json\/wp\/v2\/media?parent=5395"}],"curies":[{"name":"wp","href":"https:\/\/api.w.org\/{rel}","templated":true}]}}