{"id":7171,"date":"2022-06-10T15:40:05","date_gmt":"2022-06-10T12:40:05","guid":{"rendered":"https:\/\/www.demok.org\/?page_id=7171"},"modified":"2025-11-13T17:01:26","modified_gmt":"2025-11-13T14:01:26","slug":"kardelendergimiz","status":"publish","type":"page","link":"https:\/\/demok.org\/index.php\/kardelendergimiz\/","title":{"rendered":"Kardelen Dergimiz"},"content":{"rendered":"\n<figure class=\"wp-block-image\"><img decoding=\"async\" src=\"https:\/\/www.demok.org\/wp-content\/uploads\/2022\/06\/kardelen110-sayfalar-1_page-0001-726x1024.jpg\" alt=\"\"\/><\/figure>\n\n\n\n<p><a href=\"https:\/\/www.demok.org\/kardelen110\/\"><br> <\/a><\/p>\n\n\n\n<p><style>\/*! elementor - v3.6.6 - 08-06-2022 *\/<br \/>\n.elementor-heading-title{padding:0;margin:0;line-height:1}.elementor-widget-heading .elementor-heading-title[class*=elementor-size-]>a{color:inherit;font-size:inherit;line-height:inherit}.elementor-widget-heading .elementor-heading-title.elementor-size-small{font-size:15px}.elementor-widget-heading .elementor-heading-title.elementor-size-medium{font-size:19px}.elementor-widget-heading .elementor-heading-title.elementor-size-large{font-size:29px}.elementor-widget-heading .elementor-heading-title.elementor-size-xl{font-size:39px}.elementor-widget-heading .elementor-heading-title.elementor-size-xxl{font-size:59px}<\/style><\/p>\n\n\n\n<p>Say\u0131 110<br><a href=\"http:\/\/www.demok.org\/kardelen-sayi-101\/\"><br><img loading=\"lazy\" decoding=\"async\" src=\"https:\/\/www.demok.org\/wp-content\/uploads\/2020\/03\/101-01_resize.jpg\" alt=\"\" width=\"576\" height=\"800\"> <\/a><br>Say\u0131 108-109<br><a href=\"http:\/\/www.demok.org\/kardelen-sayi-100\/\"><br><img loading=\"lazy\" decoding=\"async\" src=\"https:\/\/www.demok.org\/wp-content\/uploads\/2020\/03\/100-01_resize.jpg\" alt=\"\" width=\"576\" height=\"800\"> <\/a><br>Say\u0131 106-107<br><a href=\"https:\/\/www.demok.org\/kardelen-sayi-104\/\"><br><img loading=\"lazy\" decoding=\"async\" src=\"https:\/\/www.demok.org\/wp-content\/uploads\/2020\/08\/kardelen_104_web-1-1.jpg\" alt=\"\" width=\"640\" height=\"907\"> <\/a><br>Say\u0131 104-105<br><a href=\"http:\/\/www.demok.org\/kardelen-sayi-103\/\"><br><img loading=\"lazy\" decoding=\"async\" src=\"https:\/\/www.demok.org\/wp-content\/uploads\/2020\/03\/kardelen_103_web-01_resize.jpg\" alt=\"\" width=\"567\" height=\"800\"> <\/a><br>Say\u0131 103<br><a href=\"http:\/\/www.demok.org\/kardelen-sayi-102\/\"><br><img loading=\"lazy\" decoding=\"async\" src=\"https:\/\/www.demok.org\/wp-content\/uploads\/2020\/03\/kardelen_102_web-01_resize.jpg\" alt=\"\" width=\"567\" height=\"800\"> <\/a><br>Say\u0131 102<br><a href=\"http:\/\/www.demok.org\/kardelen-sayi-101\/\"><br><img loading=\"lazy\" decoding=\"async\" src=\"https:\/\/www.demok.org\/wp-content\/uploads\/2020\/03\/101-01_resize.jpg\" alt=\"\" width=\"576\" height=\"800\"> <\/a><br>Say\u0131 101<br><a href=\"http:\/\/www.demok.org\/kardelen-sayi-100\/\"><br><img loading=\"lazy\" decoding=\"async\" src=\"https:\/\/www.demok.org\/wp-content\/uploads\/2020\/03\/100-01_resize.jpg\" alt=\"\" width=\"576\" height=\"800\"> <\/a><br>Say\u0131 100<br><a href=\"http:\/\/www.demok.org\/kardelen-sayi-99\/\"><br><img loading=\"lazy\" decoding=\"async\" src=\"https:\/\/www.demok.org\/wp-content\/uploads\/2020\/03\/kardelen99-1_page-0001.jpg\" alt=\"\" width=\"536\" height=\"768\"> <\/a><br>Say\u0131 99<br><a href=\"http:\/\/www.demok.org\/kardelen-sayi-98\/\"><br><img loading=\"lazy\" decoding=\"async\" src=\"https:\/\/www.demok.org\/wp-content\/uploads\/2020\/03\/kardelen98-1_page-0001.jpg\" alt=\"\" width=\"536\" height=\"768\"> <\/a><br>Say\u0131 98<br><a href=\"http:\/\/www.demok.org\/kardelen-sayi-97\/\"><br><img loading=\"lazy\" decoding=\"async\" src=\"https:\/\/www.demok.org\/wp-content\/uploads\/2020\/03\/kardelen97-1_page-0001.jpg\" alt=\"\" width=\"536\" height=\"768\"> <\/a><br>Say\u0131 97<br><a href=\"http:\/\/www.demok.org\/kardelen-sayi-96\/\"><br><img loading=\"lazy\" decoding=\"async\" src=\"https:\/\/www.demok.org\/wp-content\/uploads\/2020\/03\/kardelen96_1.jpeg\" alt=\"\" width=\"539\" height=\"768\"> <\/a><br>Say\u0131 96<br><a href=\"http:\/\/www.demok.org\/kardelen-sayi-93-94-95\/\"><br><img loading=\"lazy\" decoding=\"async\" src=\"https:\/\/www.demok.org\/wp-content\/uploads\/2020\/03\/Kardelen93-95-01.jpg\" alt=\"\" width=\"545\" height=\"768\"> <\/a><br>Say\u0131 93-94-95<br><a href=\"http:\/\/www.demok.org\/kardelen-sayi-91-92\/\"><br><img loading=\"lazy\" decoding=\"async\" src=\"https:\/\/www.demok.org\/wp-content\/uploads\/2020\/03\/kardelen91-92-01.jpg\" alt=\"\" width=\"541\" height=\"768\"> <\/a><br>Say\u0131 91-92<br><a href=\"http:\/\/www.demok.org\/kardelen-sayi-90\/\"><br><img loading=\"lazy\" decoding=\"async\" src=\"https:\/\/www.demok.org\/wp-content\/uploads\/2020\/03\/kardelen90-01.jpg\" alt=\"\" width=\"541\" height=\"768\"> <\/a><br>Say\u0131 90<br><a href=\"http:\/\/www.demok.org\/kardelen-sayi-89\/\"><br><img loading=\"lazy\" decoding=\"async\" src=\"https:\/\/www.demok.org\/wp-content\/uploads\/2020\/03\/kardelen89-01.jpg\" alt=\"\" width=\"541\" height=\"768\"> <\/a><br>Say\u0131 89<br><a href=\"http:\/\/www.demok.org\/kardelen-sayi-88\/\"><br><img loading=\"lazy\" decoding=\"async\" src=\"https:\/\/www.demok.org\/wp-content\/uploads\/2020\/03\/kardelen88-01.jpg\" alt=\"\" width=\"541\" height=\"768\"> <\/a><br>Say\u0131 88<br><a href=\"http:\/\/www.demok.org\/kardelen-sayi-87\/\"><br><img loading=\"lazy\" decoding=\"async\" src=\"https:\/\/www.demok.org\/wp-content\/uploads\/2020\/03\/87.jpg\" alt=\"\" width=\"556\" height=\"768\"> <\/a><br>Say\u0131 87<br><a href=\"http:\/\/www.demok.org\/kardelen-sayi-86\/\"><br><img loading=\"lazy\" decoding=\"async\" src=\"https:\/\/www.demok.org\/wp-content\/uploads\/2020\/03\/86.jpg\" alt=\"\" width=\"543\" height=\"768\"> <\/a><br>Say\u0131 86<br><a href=\"http:\/\/www.demok.org\/kardelen-sayi-85\/\"><br><img loading=\"lazy\" decoding=\"async\" src=\"https:\/\/www.demok.org\/wp-content\/uploads\/2020\/03\/85.jpg\" alt=\"\" width=\"544\" height=\"768\"> <\/a><br>Say\u0131 85<br><a href=\"http:\/\/www.demok.org\/kardelen-sayi-84\/\"><br><img loading=\"lazy\" decoding=\"async\" src=\"https:\/\/www.demok.org\/wp-content\/uploads\/2020\/03\/84.jpg\" alt=\"\" width=\"552\" height=\"768\"> <\/a><br>Say\u0131 84<br><a href=\"http:\/\/www.demok.org\/kardelen-sayi-83\/\"><br><img loading=\"lazy\" decoding=\"async\" src=\"https:\/\/www.demok.org\/wp-content\/uploads\/2020\/03\/83.jpg\" alt=\"\" width=\"545\" height=\"768\"> <\/a><br>Say\u0131 83<br><a href=\"http:\/\/www.demok.org\/kardelen-sayi-81-82\/\"><br><img loading=\"lazy\" decoding=\"async\" src=\"https:\/\/www.demok.org\/wp-content\/uploads\/2020\/03\/81-82.jpg\" alt=\"\" width=\"549\" height=\"768\"> <\/a><br>Say\u0131 81-82<br><a href=\"http:\/\/www.demok.org\/kardelen-sayi-79-80\/\"><br><img loading=\"lazy\" decoding=\"async\" src=\"https:\/\/www.demok.org\/wp-content\/uploads\/2020\/03\/79-80.jpg\" alt=\"\" width=\"550\" height=\"768\"> <\/a><br>Say\u0131 79-80<br><a href=\"http:\/\/www.demok.org\/kardelen-sayi-78\/\"><br><img loading=\"lazy\" decoding=\"async\" src=\"https:\/\/www.demok.org\/wp-content\/uploads\/2020\/03\/78.jpg\" alt=\"\" width=\"540\" height=\"768\"> <\/a><br>Say\u0131 78<br><a href=\"http:\/\/www.demok.org\/kardelen-sayi-77\/\"><br><img loading=\"lazy\" decoding=\"async\" src=\"https:\/\/www.demok.org\/wp-content\/uploads\/2020\/03\/77.jpg\" alt=\"\" width=\"542\" height=\"768\"> <\/a><br>Say\u0131 77<br><a href=\"http:\/\/www.demok.org\/kardelen-sayi-75-76\/\"><br><img loading=\"lazy\" decoding=\"async\" src=\"https:\/\/www.demok.org\/wp-content\/uploads\/2020\/03\/75-76.jpg\" alt=\"\" width=\"541\" height=\"768\"> <\/a><br>Say\u0131 75-76<br><a href=\"http:\/\/www.demok.org\/kardelen-sayi-73-74\/\"><br><img loading=\"lazy\" decoding=\"async\" src=\"https:\/\/www.demok.org\/wp-content\/uploads\/2020\/03\/73-74.jpg\" alt=\"\" width=\"549\" height=\"768\"> <\/a><br>Say\u0131 73-74<br><a href=\"http:\/\/www.demok.org\/kardelen-sayi-72\/\"><br><img loading=\"lazy\" decoding=\"async\" src=\"https:\/\/www.demok.org\/wp-content\/uploads\/2020\/03\/72.jpg\" alt=\"\" width=\"549\" height=\"768\"> <\/a><br>Say\u0131 72<br><a href=\"http:\/\/www.demok.org\/kardelen-sayi-71\/\"><br><img loading=\"lazy\" decoding=\"async\" src=\"https:\/\/www.demok.org\/wp-content\/uploads\/2020\/03\/71.jpg\" alt=\"\" width=\"552\" height=\"768\"> <\/a><br>Say\u0131 71<br><a href=\"http:\/\/www.demok.org\/kardelen-sayi-69-70\/\"><br><img loading=\"lazy\" decoding=\"async\" src=\"https:\/\/www.demok.org\/wp-content\/uploads\/2020\/03\/69-70.jpg\" alt=\"\" width=\"541\" height=\"768\"> <\/a><br>Say\u0131 69-70<br><a href=\"http:\/\/www.demok.org\/kardelen-sayi-68\/\"><br><img loading=\"lazy\" decoding=\"async\" src=\"https:\/\/www.demok.org\/wp-content\/uploads\/2020\/03\/68.jpg\" alt=\"\" width=\"552\" height=\"768\"> <\/a><br>Say\u0131 68<br><a href=\"http:\/\/www.demok.org\/kardelen-sayi-57\/\"><br><img loading=\"lazy\" decoding=\"async\" src=\"https:\/\/www.demok.org\/wp-content\/uploads\/2020\/03\/67.jpg\" alt=\"\" width=\"552\" height=\"768\"> <\/a><br>Say\u0131 67<br><a href=\"http:\/\/www.demok.org\/kardelen-sayi-65-66\/\"><br><img loading=\"lazy\" decoding=\"async\" src=\"https:\/\/www.demok.org\/wp-content\/uploads\/2020\/03\/65-66.jpg\" alt=\"\" width=\"552\" height=\"768\"> <\/a><br>Say\u0131 65-66<br><a href=\"http:\/\/www.demok.org\/kardelen-sayi-64\/\"><br><img loading=\"lazy\" decoding=\"async\" src=\"https:\/\/www.demok.org\/wp-content\/uploads\/2020\/03\/64.jpg\" alt=\"\" width=\"552\" height=\"768\"> <\/a><br>Say\u0131 64<br><a href=\"http:\/\/www.demok.org\/kardelen-sayi-63\/\"><br><img loading=\"lazy\" decoding=\"async\" src=\"https:\/\/www.demok.org\/wp-content\/uploads\/2020\/03\/63.jpg\" alt=\"\" width=\"552\" height=\"768\"> <\/a><br>Say\u0131 63<br><a href=\"http:\/\/www.demok.org\/kardelen-sayi-61-62\/\"><br><img loading=\"lazy\" decoding=\"async\" src=\"https:\/\/www.demok.org\/wp-content\/uploads\/2020\/03\/61-62.jpg\" alt=\"\" width=\"552\" height=\"768\"> <\/a><br>Say\u0131 61-62<br><a href=\"http:\/\/www.demok.org\/kardelen-sayi-60\/\"><br><img loading=\"lazy\" decoding=\"async\" src=\"https:\/\/www.demok.org\/wp-content\/uploads\/2020\/03\/60.jpg\" alt=\"\" width=\"552\" height=\"768\"> <\/a><br>Say\u0131 60<br><a href=\"http:\/\/www.demok.org\/kardelen-sayi-59\/\"><br><img loading=\"lazy\" decoding=\"async\" src=\"https:\/\/www.demok.org\/wp-content\/uploads\/2020\/03\/59.jpg\" alt=\"\" width=\"552\" height=\"768\"> <\/a><br>Say\u0131 59<br><a href=\"http:\/\/www.demok.org\/kardelen-sayi-58\/\"><br><img loading=\"lazy\" decoding=\"async\" src=\"https:\/\/www.demok.org\/wp-content\/uploads\/2020\/03\/58.jpg\" alt=\"\" width=\"552\" height=\"768\"> <\/a><br>Say\u0131 58<br><a href=\"http:\/\/www.demok.org\/kardelen-sayi-57\/\"><br><img loading=\"lazy\" decoding=\"async\" src=\"https:\/\/www.demok.org\/wp-content\/uploads\/2020\/03\/57.jpg\" alt=\"\" width=\"552\" height=\"768\"> <\/a><br>Say\u0131 57<br><a href=\"http:\/\/www.demok.org\/kardelen-sayi-56\/\"><br><img loading=\"lazy\" decoding=\"async\" src=\"https:\/\/www.demok.org\/wp-content\/uploads\/2020\/03\/56.jpg\" alt=\"\" width=\"552\" height=\"768\"> <\/a><br>Say\u0131 56<br><a href=\"http:\/\/www.demok.org\/kardelen-sayi-54-55\/\"><br><img loading=\"lazy\" decoding=\"async\" src=\"https:\/\/www.demok.org\/wp-content\/uploads\/2020\/03\/54-55.jpg\" alt=\"\" width=\"552\" height=\"768\"> <\/a><br>Say\u0131 54-55<br><a href=\"http:\/\/www.demok.org\/kardelen-sayi-53\/\"><br><img loading=\"lazy\" decoding=\"async\" src=\"https:\/\/www.demok.org\/wp-content\/uploads\/2020\/03\/53.jpg\" alt=\"\" width=\"552\" height=\"768\"> <\/a><br>Say\u0131 53<br><a href=\"http:\/\/www.demok.org\/kardelen-sayi-52\/\"><br><img loading=\"lazy\" decoding=\"async\" src=\"https:\/\/www.demok.org\/wp-content\/uploads\/2020\/03\/52.jpg\" alt=\"\" width=\"552\" height=\"768\"> <\/a><br>Say\u0131 52<br><a href=\"http:\/\/www.demok.org\/kardelen-sayi-51\/\"><br><img loading=\"lazy\" decoding=\"async\" src=\"https:\/\/www.demok.org\/wp-content\/uploads\/2020\/03\/51.jpg\" alt=\"\" width=\"552\" height=\"768\"> <\/a><br>Say\u0131 51<br><a href=\"http:\/\/www.demok.org\/kardelen-sayi-50\/\"><br><img loading=\"lazy\" decoding=\"async\" src=\"https:\/\/www.demok.org\/wp-content\/uploads\/2020\/03\/50.jpg\" alt=\"\" width=\"549\" height=\"768\"> <\/a><br>Say\u0131 50<br><a href=\"http:\/\/www.demok.org\/kardelen-sayi-49\/\"><br><img loading=\"lazy\" decoding=\"async\" src=\"https:\/\/www.demok.org\/wp-content\/uploads\/2020\/03\/49.jpg\" alt=\"\" width=\"552\" height=\"768\"> <\/a><br>Say\u0131 49<br><a href=\"http:\/\/www.demok.org\/kardelen-sayi-48\/\"><br><img loading=\"lazy\" decoding=\"async\" src=\"https:\/\/www.demok.org\/wp-content\/uploads\/2020\/03\/48.jpg\" alt=\"\" width=\"552\" height=\"768\"> <\/a><br>Say\u0131 48<br><a href=\"http:\/\/www.demok.org\/kardelen-sayi-47\/\"><br><img loading=\"lazy\" decoding=\"async\" src=\"https:\/\/www.demok.org\/wp-content\/uploads\/2020\/03\/47.jpg\" alt=\"\" width=\"552\" height=\"768\"> <\/a><br>Say\u0131 47<br><a href=\"http:\/\/www.demok.org\/kardelen-sayi-46\/\"><br><img loading=\"lazy\" decoding=\"async\" src=\"https:\/\/www.demok.org\/wp-content\/uploads\/2020\/03\/46.jpg\" alt=\"\" width=\"552\" height=\"768\"> <\/a><br>Say\u0131 46<br><a href=\"http:\/\/www.demok.org\/kardelen-sayi-45\/\"><br><img loading=\"lazy\" decoding=\"async\" src=\"https:\/\/www.demok.org\/wp-content\/uploads\/2020\/03\/45.jpg\" alt=\"\" width=\"552\" height=\"768\"> <\/a><br>Say\u0131 45<br><a href=\"http:\/\/www.demok.org\/kardelen-sayi-44\/\"><br><img loading=\"lazy\" decoding=\"async\" src=\"https:\/\/www.demok.org\/wp-content\/uploads\/2020\/03\/44.jpg\" alt=\"\" width=\"552\" height=\"768\"> <\/a><br>Say\u0131 44<br><a href=\"http:\/\/www.demok.org\/kardelen-sayi-43\/\"><br><img loading=\"lazy\" decoding=\"async\" src=\"https:\/\/www.demok.org\/wp-content\/uploads\/2020\/03\/43.jpg\" alt=\"\" width=\"552\" height=\"768\"> <\/a><br>Say\u0131 43<br><a href=\"http:\/\/www.demok.org\/kardelen-sayi-42\/\"><br><img loading=\"lazy\" decoding=\"async\" src=\"https:\/\/www.demok.org\/wp-content\/uploads\/2020\/03\/42.jpg\" alt=\"\" width=\"555\" height=\"768\"> <\/a><br>Say\u0131 42<br><a href=\"http:\/\/www.demok.org\/kardelen-sayi-41\/\"><br><img loading=\"lazy\" decoding=\"async\" src=\"https:\/\/www.demok.org\/wp-content\/uploads\/2020\/03\/41.jpg\" alt=\"\" width=\"552\" height=\"768\"> <\/a><br>Say\u0131 41<br><a href=\"http:\/\/www.demok.org\/kardelen-sayi-40\/\"><br><img loading=\"lazy\" decoding=\"async\" src=\"https:\/\/www.demok.org\/wp-content\/uploads\/2020\/03\/40.jpg\" alt=\"\" width=\"552\" height=\"768\"> <\/a><br>Say\u0131 40<br><a href=\"http:\/\/www.demok.org\/kardelen-sayi-39\/\"><br><img loading=\"lazy\" decoding=\"async\" src=\"https:\/\/www.demok.org\/wp-content\/uploads\/2020\/03\/39.jpg\" alt=\"\" width=\"552\" height=\"768\"> <\/a><br>Say\u0131 39<br><a href=\"http:\/\/www.demok.org\/kardelen-sayi-38\/\"><br><img loading=\"lazy\" decoding=\"async\" src=\"https:\/\/www.demok.org\/wp-content\/uploads\/2020\/03\/38.jpg\" alt=\"\" width=\"547\" height=\"768\"> <\/a><br>Say\u0131 38<br><a href=\"http:\/\/www.demok.org\/kardelen-sayi-37\/\"><br><img loading=\"lazy\" decoding=\"async\" src=\"https:\/\/www.demok.org\/wp-content\/uploads\/2020\/03\/37.jpg\" alt=\"\" width=\"552\" height=\"768\"> <\/a><br>Say\u0131 37<br><a href=\"http:\/\/www.demok.org\/kardelen-sayi-36\/\"><br><img loading=\"lazy\" decoding=\"async\" src=\"https:\/\/www.demok.org\/wp-content\/uploads\/2020\/03\/36.jpg\" alt=\"\" width=\"552\" height=\"768\"> <\/a><br>Say\u0131 36<br><a href=\"http:\/\/www.demok.org\/kardelen-sayi-35\/\"><br><img loading=\"lazy\" decoding=\"async\" src=\"https:\/\/www.demok.org\/wp-content\/uploads\/2020\/03\/35.jpg\" alt=\"\" width=\"555\" height=\"768\"> <\/a><br>Say\u0131 35<br><a href=\"http:\/\/www.demok.org\/kardelen-sayi-34\/\"><br><img loading=\"lazy\" decoding=\"async\" src=\"https:\/\/www.demok.org\/wp-content\/uploads\/2020\/03\/34.jpg\" alt=\"\" width=\"552\" height=\"768\"> <\/a><br>Say\u0131 34<br><a href=\"http:\/\/www.demok.org\/kardelen-sayi-32-33\/\"><br><img loading=\"lazy\" decoding=\"async\" src=\"https:\/\/www.demok.org\/wp-content\/uploads\/2020\/03\/32-33.jpg\" alt=\"\" width=\"552\" height=\"768\"> <\/a><br>Say\u0131 32-33<br><a href=\"http:\/\/www.demok.org\/kardelen-sayi-31\/\"><br><img loading=\"lazy\" decoding=\"async\" src=\"https:\/\/www.demok.org\/wp-content\/uploads\/2020\/03\/31.jpg\" alt=\"\" width=\"552\" height=\"768\"> <\/a><br>Say\u0131 31<br><a href=\"http:\/\/www.demok.org\/kardelen-sayi-30\/\"><br><img loading=\"lazy\" decoding=\"async\" src=\"https:\/\/www.demok.org\/wp-content\/uploads\/2020\/03\/30.jpg\" alt=\"\" width=\"552\" height=\"768\"> <\/a><br>Say\u0131 30<br><a href=\"http:\/\/www.demok.org\/kardelen-sayi-29\/\"><br><img loading=\"lazy\" decoding=\"async\" src=\"https:\/\/www.demok.org\/wp-content\/uploads\/2020\/03\/29.jpg\" alt=\"\" width=\"552\" height=\"768\"> <\/a><br>Say\u0131 29<br><a href=\"http:\/\/www.demok.org\/kardelen-sayi-28\/\"><br><img loading=\"lazy\" decoding=\"async\" src=\"https:\/\/www.demok.org\/wp-content\/uploads\/2020\/03\/28.jpg\" alt=\"\" width=\"552\" height=\"768\"> <\/a><br>Say\u0131 28<br><a href=\"http:\/\/www.demok.org\/kardelen-sayi-27\/\"><br><img loading=\"lazy\" decoding=\"async\" src=\"https:\/\/www.demok.org\/wp-content\/uploads\/2020\/03\/27.jpg\" alt=\"\" width=\"552\" height=\"768\"> <\/a><br>Say\u0131 27<br><a href=\"http:\/\/www.demok.org\/kardelen-sayi-26\/\"><br><img loading=\"lazy\" decoding=\"async\" src=\"https:\/\/www.demok.org\/wp-content\/uploads\/2020\/03\/26.jpg\" alt=\"\" width=\"552\" height=\"768\"> <\/a><br>Say\u0131 26<br><a href=\"http:\/\/www.demok.org\/kardelen-sayi-25\/\"><br><img loading=\"lazy\" decoding=\"async\" src=\"https:\/\/www.demok.org\/wp-content\/uploads\/2020\/03\/25.jpg\" alt=\"\" width=\"552\" height=\"768\"> <\/a><br>Say\u0131 25<br><a href=\"http:\/\/www.demok.org\/kardelen-sayi-24\/\"><br><img loading=\"lazy\" decoding=\"async\" src=\"https:\/\/www.demok.org\/wp-content\/uploads\/2020\/03\/24.jpg\" alt=\"\" width=\"552\" height=\"768\"> <\/a><br>Say\u0131 24<br><a href=\"http:\/\/www.demok.org\/kardelen-sayi-23\/\"><br><img loading=\"lazy\" decoding=\"async\" src=\"https:\/\/www.demok.org\/wp-content\/uploads\/2020\/03\/23.jpg\" alt=\"\" width=\"552\" height=\"768\"> <\/a><br>Say\u0131 23<br><a href=\"http:\/\/www.demok.org\/kardelen-sayi-22\/\"><br><img loading=\"lazy\" decoding=\"async\" src=\"https:\/\/www.demok.org\/wp-content\/uploads\/2020\/03\/22.jpg\" alt=\"\" width=\"552\" height=\"768\"> <\/a><br>Say\u0131 22<br><a href=\"http:\/\/www.demok.org\/kardelen-sayi-20-21\/\"><br><img loading=\"lazy\" decoding=\"async\" src=\"https:\/\/www.demok.org\/wp-content\/uploads\/2020\/03\/20-21.jpg\" alt=\"\" width=\"552\" height=\"768\"> <\/a><br>Say\u0131 20-21<br><a href=\"http:\/\/www.demok.org\/kardelen-sayi-19\/\"><br><img loading=\"lazy\" decoding=\"async\" src=\"https:\/\/www.demok.org\/wp-content\/uploads\/2020\/03\/19.jpg\" alt=\"\" width=\"552\" height=\"768\"> <\/a><br>Say\u0131 19<br><a href=\"http:\/\/www.demok.org\/kardelen-sayi-18\/\"><br><img loading=\"lazy\" decoding=\"async\" src=\"https:\/\/www.demok.org\/wp-content\/uploads\/2020\/03\/18.jpg\" alt=\"\" width=\"552\" height=\"768\"> <\/a><br>Say\u0131 18<br><a href=\"http:\/\/www.demok.org\/kardelen-sayi-17\/\"><br><img loading=\"lazy\" decoding=\"async\" src=\"https:\/\/www.demok.org\/wp-content\/uploads\/2020\/03\/17.jpg\" alt=\"\" width=\"552\" height=\"768\"> <\/a><br>Say\u0131 17<br><a href=\"http:\/\/www.demok.org\/kardelen-sayi-16\/\"><br><img loading=\"lazy\" decoding=\"async\" src=\"https:\/\/www.demok.org\/wp-content\/uploads\/2020\/03\/16.jpg\" alt=\"\" width=\"552\" height=\"768\"> <\/a><br>Say\u0131 16<br><a href=\"http:\/\/www.demok.org\/kardelen-sayi-15\/\"><br><img loading=\"lazy\" decoding=\"async\" src=\"https:\/\/www.demok.org\/wp-content\/uploads\/2020\/03\/15.jpg\" alt=\"\" width=\"552\" height=\"768\"> <\/a><br>Say\u0131 15<br><a href=\"http:\/\/www.demok.org\/kardelen-sayi-14\/\"><br><img loading=\"lazy\" decoding=\"async\" src=\"https:\/\/www.demok.org\/wp-content\/uploads\/2020\/03\/14.jpg\" alt=\"\" width=\"552\" height=\"768\"> <\/a><br>Say\u0131 14<br><a href=\"http:\/\/www.demok.org\/kardelen-sayi-13\/\"><br><img loading=\"lazy\" decoding=\"async\" src=\"https:\/\/www.demok.org\/wp-content\/uploads\/2020\/03\/13.jpg\" alt=\"\" width=\"552\" height=\"768\"> <\/a><br>Say\u0131 13<br><a href=\"http:\/\/www.demok.org\/kardelen-sayi-12\/\"><br><img loading=\"lazy\" decoding=\"async\" src=\"https:\/\/www.demok.org\/wp-content\/uploads\/2020\/03\/12.jpg\" alt=\"\" width=\"552\" height=\"768\"> <\/a><br>Say\u0131 12<br><a href=\"http:\/\/www.demok.org\/kardelen-sayi-11\/\"><br><img loading=\"lazy\" decoding=\"async\" src=\"https:\/\/www.demok.org\/wp-content\/uploads\/2020\/03\/11.jpg\" alt=\"\" width=\"552\" height=\"768\"> <\/a><br>Say\u0131 11<br><a href=\"http:\/\/www.demok.org\/kardelen-sayi-10\/\"><br><img loading=\"lazy\" decoding=\"async\" src=\"https:\/\/www.demok.org\/wp-content\/uploads\/2020\/03\/10.jpg\" alt=\"\" width=\"552\" height=\"768\"> <\/a><br>Say\u0131 10<br><a href=\"http:\/\/www.demok.org\/kardelen-sayi-9\/\"><br><img loading=\"lazy\" decoding=\"async\" src=\"https:\/\/www.demok.org\/wp-content\/uploads\/2020\/03\/9.jpg\" alt=\"\" width=\"552\" height=\"768\"> <\/a><br>Say\u0131 9<br><a href=\"http:\/\/www.demok.org\/kardelen-sayi-8\/\"><br><img loading=\"lazy\" decoding=\"async\" src=\"https:\/\/www.demok.org\/wp-content\/uploads\/2020\/03\/8.jpg\" alt=\"\" width=\"552\" height=\"768\"> <\/a><br>Say\u0131 8<br><a href=\"http:\/\/www.demok.org\/kardelen-sayi-7\/\"><br><img loading=\"lazy\" decoding=\"async\" src=\"https:\/\/www.demok.org\/wp-content\/uploads\/2020\/03\/7.jpg\" alt=\"\" width=\"552\" height=\"768\"> <\/a><br>Say\u0131 7<br><a href=\"http:\/\/www.demok.org\/kardelen-sayi-6\/\"><br><img loading=\"lazy\" decoding=\"async\" src=\"https:\/\/www.demok.org\/wp-content\/uploads\/2020\/03\/6.jpg\" alt=\"\" width=\"552\" height=\"768\"> <\/a><br>Say\u0131 6<br><a href=\"http:\/\/www.demok.org\/kardelen-sayi-5\/\"><br><img loading=\"lazy\" decoding=\"async\" src=\"https:\/\/www.demok.org\/wp-content\/uploads\/2020\/03\/5.jpg\" alt=\"\" width=\"541\" height=\"768\"> <\/a><br>Say\u0131 5<br><a href=\"http:\/\/www.demok.org\/kardelen-sayi-4\/\"><br><img loading=\"lazy\" decoding=\"async\" src=\"https:\/\/www.demok.org\/wp-content\/uploads\/2020\/03\/4.jpg\" alt=\"\" width=\"552\" height=\"768\"> <\/a><br>Say\u0131 4<br><a href=\"http:\/\/www.demok.org\/kardelen-3\/\"><br><img loading=\"lazy\" decoding=\"async\" src=\"https:\/\/www.demok.org\/wp-content\/uploads\/2020\/03\/3.jpg\" alt=\"\" width=\"552\" height=\"768\"> <\/a><br>Say\u0131 3<br><a href=\"http:\/\/www.demok.org\/kardelen-sayi-2\/\"><br><img loading=\"lazy\" decoding=\"async\" src=\"https:\/\/www.demok.org\/wp-content\/uploads\/2020\/03\/2.jpg\" alt=\"\" width=\"552\" height=\"768\"> <\/a><br>Say\u0131 2<br><a href=\"http:\/\/www.demok.org\/kardelen-sayi-1\/\"><br><img loading=\"lazy\" decoding=\"async\" src=\"https:\/\/www.demok.org\/wp-content\/uploads\/2020\/03\/1.jpg\" alt=\"\" width=\"552\" height=\"768\"> <\/a><br>Say\u0131 1<br><a href=\"http:\/\/www.demok.org\/kardelen-sayi-104\/\"><br><img loading=\"lazy\" decoding=\"async\" src=\"https:\/\/www.demok.org\/wp-content\/uploads\/2020\/08\/kardelen_104_web-1-1.jpg\" alt=\"\" width=\"640\" height=\"907\"> <\/a><\/p>\n","protected":false},"excerpt":{"rendered":"<p>Say\u0131 110 Say\u0131 108-109 Say\u0131 106-107 Say\u0131 104-105 Say\u0131 103 Say\u0131 102 Say\u0131 101 Say\u0131 100 Say\u0131 99 Say\u0131 98<\/p>\n","protected":false},"author":1,"featured_media":0,"parent":0,"menu_order":0,"comment_status":"closed","ping_status":"closed","template":"","meta":{"_eb_attr":"","ngg_post_thumbnail":0,"footnotes":""},"class_list":["post-7171","page","type-page","status-publish","hentry"],"magazineBlocksPostFeaturedMedia":{"thumbnail":false,"medium":false,"medium_large":false,"large":false,"1536x1536":false,"2048x2048":false,"colormag-highlighted-post":false,"colormag-featured-post-medium":false,"colormag-featured-post-small":false,"colormag-featured-image":false,"colormag-default-news":false,"colormag-featured-image-large":false},"magazineBlocksPostAuthor":{"name":"demok","avatar":"https:\/\/secure.gravatar.com\/avatar\/9f5c36aa8f440a3b593bef073cd3c8619a928af11a5dceba8432cca86a80dd3a?s=96&d=mm&r=g"},"magazineBlocksPostCommentsNumber":false,"magazineBlocksPostExcerpt":"Say\u0131 110 Say\u0131 108-109 Say\u0131 106-107 Say\u0131 104-105 Say\u0131 103 Say\u0131 102 Say\u0131 101 Say\u0131 100 Say\u0131 99 Say\u0131 98","magazineBlocksPostCategories":[],"magazineBlocksPostViewCount":0,"magazineBlocksPostReadTime":1,"_links":{"self":[{"href":"https:\/\/demok.org\/index.php\/wp-json\/wp\/v2\/pages\/7171","targetHints":{"allow":["GET"]}}],"collection":[{"href":"https:\/\/demok.org\/index.php\/wp-json\/wp\/v2\/pages"}],"about":[{"href":"https:\/\/demok.org\/index.php\/wp-json\/wp\/v2\/types\/page"}],"author":[{"embeddable":true,"href":"https:\/\/demok.org\/index.php\/wp-json\/wp\/v2\/users\/1"}],"replies":[{"embeddable":true,"href":"https:\/\/demok.org\/index.php\/wp-json\/wp\/v2\/comments?post=7171"}],"version-history":[{"count":4,"href":"https:\/\/demok.org\/index.php\/wp-json\/wp\/v2\/pages\/7171\/revisions"}],"predecessor-version":[{"id":8605,"href":"https:\/\/demok.org\/index.php\/wp-json\/wp\/v2\/pages\/7171\/revisions\/8605"}],"wp:attachment":[{"href":"https:\/\/demok.org\/index.php\/wp-json\/wp\/v2\/media?parent=7171"}],"curies":[{"name":"wp","href":"https:\/\/api.w.org\/{rel}","templated":true}]}}